{"id":518,"date":"2025-06-20T17:40:44","date_gmt":"2025-06-20T17:40:44","guid":{"rendered":"https:\/\/barilocheprueba.igejulioguzman.com\/?page_id=518"},"modified":"2025-11-27T14:26:30","modified_gmt":"2025-11-27T14:26:30","slug":"informacion-de-viaje-pesca-con-mosca-bariloche-patagonia-argentina","status":"publish","type":"page","link":"https:\/\/barilochefishingtrips.com\/es\/travel-info-fly-fishing-bariloche-patagonia-argentina\/","title":{"rendered":"Informaci\u00f3n Viajero"},"content":{"rendered":"<h3 class=\"wp-block-heading\"><strong>Viajando a Bariloche<\/strong><\/h3>\n\n\n\n<p>San Carlos de Bariloche es la ciudad m\u00e1s visitada de la Patagonia y es f\u00e1cilmente accesible gracias a su aeropuerto internacional. Los vuelos directos desde Buenos Aires, la capital de Argentina, demoran solo dos horas, ya sea desde el Aeropuerto Internacional de Ezeiza o el Aeropuerto Nacional Jorge Newbery.<\/p>\n\n\n\n<p>Si necesita ayuda con la log\u00edstica de su viaje, cont\u00e1ctenos. Con gusto organizaremos el transporte desde el aeropuerto hasta su hotel y tambi\u00e9n podemos ayudarle a planificar recorridos por la ciudad de Buenos Aires, una de las grandes capitales del mundo.<\/p>\n\n\n\n<h3 class=\"wp-block-heading\"><strong>Sobre Bariloche<\/strong><\/h3>\n\n\n\n<p>Ubicado en la Cordillera de los Andes, Bariloche se encuentra en el extremo suroeste de la provincia de R\u00edo Negro, en el coraz\u00f3n del famoso Distrito de los Lagos de Argentina, a menudo conocido como el <em>Distrito de los Lagos de la Patagonia<\/em>Sus impresionantes paisajes de monta\u00f1as, bosques y lagos la han convertido en uno de los destinos m\u00e1s emblem\u00e1ticos de Argentina.<\/p>\n\n\n\n<p>Bariloche tambi\u00e9n alberga el Cerro Catedral, el centro de esqu\u00ed m\u00e1s grande de Latinoam\u00e9rica, lo que lo convierte en un destino de aventura y ocio durante todo el a\u00f1o. La belleza de la ciudad le ha valido reconocimiento internacional e incluso ha sido sede de convenciones presidenciales.<\/p>\n\n\n\n<p>Los visitantes encontrar\u00e1n una amplia gama de opciones de alojamiento y restauraci\u00f3n para todos los gustos y presupuestos. La ciudad es segura y acogedora, con lugare\u00f1os que comprenden la importancia del turismo y se esfuerzan por hacer sentir a los hu\u00e9spedes como en casa.<\/p>\n\n\n\n<p>Consulta nuestro mapa, dise\u00f1ado especialmente para que no pierdas tiempo buscando las referencias m\u00e1s importantes durante tu visita a Bariloche. Destacamos varios lugares, algunos con detalles adicionales en su descripci\u00f3n. Y, por supuesto, no dudes en solicitar m\u00e1s informaci\u00f3n.&nbsp;<br><\/p>\n\n\n\n<iframe src=\"https:\/\/www.google.com\/maps\/d\/embed?mid=1bA5KQazMTVL8I28KvAr65pEm6lcueeY&#038;ehbc=2E312F\" width=\"640\" height=\"480\"><\/iframe>\n\n\n\n<h3 class=\"wp-block-heading\"><strong>Sobre Buenos Aires<\/strong><\/h3>\n\n\n\n<p>Antes o despu\u00e9s de su aventura patag\u00f3nica, considere pasar un tiempo en Buenos Aires, una ciudad que a menudo se describe como m\u00e1s europea que sudamericana. Esta vibrante capital combina tradici\u00f3n y modernidad en perfecto equilibrio.<\/p>\n\n\n\n<ul class=\"wp-block-list\">\n<li>Pasea por sus grandes avenidas y por sus barrios hist\u00f3ricos.<\/li>\n\n\n\n<li>Visite museos de clase mundial y disfrute de las famosas atracciones de la ciudad. <strong>cultura de cafeter\u00eda<\/strong>.<\/li>\n\n\n\n<li>Experimente la pasi\u00f3n del Tango en un ambiente tradicional <em>milonga<\/em>.<\/li>\n\n\n\n<li>Siente la energ\u00eda del f\u00fatbol argentino en el Estadio La Boca o el Estadio Monumental.<\/li>\n<\/ul>\n\n\n\n<p>Buenos Aires refleja la influencia de los numerosos inmigrantes europeos que llegaron a finales del siglo XIX y principios del XX. Cada barrio ofrece su propio car\u00e1cter \u00fanico:<\/p>\n\n\n\n<ul class=\"wp-block-list\">\n<li>La Boca: casas pintadas de colores brillantes, encanto de clase trabajadora y cultura del tango.<\/li>\n\n\n\n<li>San Telmo \u2013 calles empedradas, antig\u00fcedades y esp\u00edritu bohemio.<\/li>\n\n\n\n<li>Recoleta y Barrio Norte: elegantes distritos con arquitectura de inspiraci\u00f3n francesa.<\/li>\n<\/ul>\n\n\n\n<p>Con su mezcla de herencia europea y vitalidad latinoamericana, Buenos Aires ofrece una experiencia cultural inolvidable.<\/p>\n\n\n\n<h3 class=\"wp-block-heading\">Autob\u00fas de Buenos Aires<\/h3>\n\n\n\n<p><span style=\"white-space: normal;\">Si desea un recorrido r\u00e1pido por la ciudad, el City Tour Bus es una excelente opci\u00f3n. Ofrece dos rutas, una roja y otra amarilla, cada una con una duraci\u00f3n aproximada de tres horas y media, que cubren muchos de los principales lugares de inter\u00e9s de la ciudad. El mapa a continuaci\u00f3n muestra los puntos de partida de ambas rutas. Puede encontrar m\u00e1s informaci\u00f3n y comprar billetes aqu\u00ed:\u00a0<\/span><a href=\"https:\/\/www.buenosairesbus.com\/en\">Autob\u00fas amarillo<\/a> y <a href=\"http:\/\/buenosairescitybus.com\">Autob\u00fas rojo<\/a>. <\/p>\n\n\n\n<p>Consulta nuestro mapa, dise\u00f1ado especialmente para que no pierdas tiempo buscando las referencias m\u00e1s importantes durante tu visita a Bariloche. Destacamos varios lugares, algunos con detalles adicionales en su descripci\u00f3n. Y, por supuesto, no dudes en solicitar m\u00e1s informaci\u00f3n.&nbsp;<br><\/p>\n\n\n\n<iframe src=\"https:\/\/www.google.com\/maps\/d\/embed?mid=1T2bMDQ6_Jv9mnE_jpqYZX-igwdnqbiE&#038;ehbc=2E312F\" width=\"640\" height=\"480\"><\/iframe>\n\n\n\n<h3 class=\"wp-block-heading\"><strong>Argentina de un vistazo<\/strong><\/h3>\n\n\n\n<ul class=\"wp-block-list\">\n<li><strong>Ubicaci\u00f3n:<\/strong> Am\u00e9rica del Sur; limita con Bolivia (832 km), Brasil (1.224 km), Chile (5.150 km), Paraguay (1.880 km) y Uruguay (579 km).<\/li>\n\n\n\n<li><strong>Capital:<\/strong> Buenos Aires<\/li>\n\n\n\n<li><strong>Clima:<\/strong> Mostly temperate; arid in the southeast; sub-Antarctic in the southwest.<\/li>\n\n\n\n<li><strong>Poblaci\u00f3n:<\/strong> ~46 millones (censo de 2022)<\/li>\n\n\n\n<li><strong>Maquillaje \u00e9tnico:<\/strong> Predominantemente blanca (mayoritariamente de ascendencia espa\u00f1ola e italiana), con minor\u00edas mestizas, amerindias y otras.<\/li>\n\n\n\n<li><strong>Idiomas:<\/strong> Espa\u00f1ol (oficial). El espa\u00f1ol argentino es distintivo, y a menudo se compara su ritmo con el del italiano. Tambi\u00e9n se hablan italiano, alem\u00e1n, ingl\u00e9s y franc\u00e9s, adem\u00e1s de lenguas ind\u00edgenas como el tehuelche, el guaran\u00ed y el quechua.<\/li>\n<\/ul>\n\n\n\n<h3 class=\"wp-block-heading\"><strong>Informaci\u00f3n pr\u00e1ctica<\/strong><\/h3>\n\n\n\n<p><strong>Dinero y pagos<\/strong><\/p>\n\n\n\n<p>Hay casas de cambio y cajeros autom\u00e1ticos en todas las ciudades principales.<\/p>\n\n\n\n<p>Las principales tarjetas de cr\u00e9dito, cheques de viajero, d\u00f3lares estadounidenses y euros son ampliamente aceptados y bienvenidos.<\/p>","protected":false},"excerpt":{"rendered":"<p>Travelling to Bariloche San Carlos de Bariloche is the most visited city in Patagonia and is easily accessible thanks to its international airport. Direct flights from Buenos Aires\u2014Argentina\u2019s capital\u2014take just two hours, whether departing from Ezeiza International Airport or Jorge Newbery Domestic Airport. If you need assistance with travel logistics, let us know. We are [&hellip;]<\/p>\n","protected":false},"author":1,"featured_media":1898,"parent":0,"menu_order":0,"comment_status":"closed","ping_status":"closed","template":"","meta":{"footnotes":""},"class_list":["post-518","page","type-page","status-publish","has-post-thumbnail","hentry"],"yoast_head":"<!-- This site is optimized with the Yoast SEO plugin v27.0 - https:\/\/yoast.com\/product\/yoast-seo-wordpress\/ -->\n<title>Traveler Information | Fly Fishing Bariloche - Fly Fishing Patagonia - guides and lodge<\/title>\n<meta name=\"description\" content=\"Fly Fishing Information and Travel Information. Meet Buenos Aires and Bariloche. Fishing and Traveling is the same Passion\" \/>\n<meta name=\"robots\" content=\"index, follow, max-snippet:-1, max-image-preview:large, max-video-preview:-1\" \/>\n<link rel=\"canonical\" href=\"https:\/\/barilochefishingtrips.com\/es\/informacion-de-viaje-pesca-con-mosca-bariloche-patagonia-argentina\/\" \/>\n<meta property=\"og:locale\" content=\"es_ES\" \/>\n<meta property=\"og:type\" content=\"article\" \/>\n<meta property=\"og:title\" content=\"Traveler Information | Fly Fishing Bariloche - Fly Fishing Patagonia - guides and lodge\" \/>\n<meta property=\"og:description\" content=\"Fly Fishing Information and Travel Information. Meet Buenos Aires and Bariloche. Fishing and Traveling is the same Passion\" \/>\n<meta property=\"og:url\" content=\"https:\/\/barilochefishingtrips.com\/es\/informacion-de-viaje-pesca-con-mosca-bariloche-patagonia-argentina\/\" \/>\n<meta property=\"og:site_name\" content=\"Fly Fishing Bariloche - Fly Fishing Patagonia - guides and lodge\" \/>\n<meta property=\"article:publisher\" content=\"https:\/\/web.facebook.com\/flyfishingbariloche?_rdc=1&amp;_rdr#\" \/>\n<meta property=\"article:modified_time\" content=\"2025-11-27T14:26:30+00:00\" \/>\n<meta property=\"og:image\" content=\"https:\/\/barilochefishingtrips.com\/wp-content\/uploads\/2025\/08\/lugares-tur__sticos-de-Buenos-Aires.webp\" \/>\n\t<meta property=\"og:image:width\" content=\"1000\" \/>\n\t<meta property=\"og:image:height\" content=\"667\" \/>\n\t<meta property=\"og:image:type\" content=\"image\/webp\" \/>\n<meta name=\"twitter:card\" content=\"summary_large_image\" \/>\n<meta name=\"twitter:label1\" content=\"Tiempo de lectura\" \/>\n\t<meta name=\"twitter:data1\" content=\"3 minutos\" \/>\n<script type=\"application\/ld+json\" class=\"yoast-schema-graph\">{\"@context\":\"https:\/\/schema.org\",\"@graph\":[{\"@type\":\"WebPage\",\"@id\":\"https:\/\/barilochefishingtrips.com\/en\/travel-info-fly-fishing-bariloche-patagonia-argentina\/\",\"url\":\"https:\/\/barilochefishingtrips.com\/en\/travel-info-fly-fishing-bariloche-patagonia-argentina\/\",\"name\":\"Traveler Information | Fly Fishing Bariloche - Fly Fishing Patagonia - guides and lodge\",\"isPartOf\":{\"@id\":\"https:\/\/barilochefishingtrips.com\/en\/#website\"},\"primaryImageOfPage\":{\"@id\":\"https:\/\/barilochefishingtrips.com\/en\/travel-info-fly-fishing-bariloche-patagonia-argentina\/#primaryimage\"},\"image\":{\"@id\":\"https:\/\/barilochefishingtrips.com\/en\/travel-info-fly-fishing-bariloche-patagonia-argentina\/#primaryimage\"},\"thumbnailUrl\":\"https:\/\/barilochefishingtrips.com\/wp-content\/uploads\/2025\/08\/lugares-tur__sticos-de-Buenos-Aires.webp\",\"datePublished\":\"2025-06-20T17:40:44+00:00\",\"dateModified\":\"2025-11-27T14:26:30+00:00\",\"description\":\"Fly Fishing Information and Travel Information. Meet Buenos Aires and Bariloche. Fishing and Traveling is the same Passion\",\"breadcrumb\":{\"@id\":\"https:\/\/barilochefishingtrips.com\/en\/travel-info-fly-fishing-bariloche-patagonia-argentina\/#breadcrumb\"},\"inLanguage\":\"es-AR\",\"potentialAction\":[{\"@type\":\"ReadAction\",\"target\":[\"https:\/\/barilochefishingtrips.com\/en\/travel-info-fly-fishing-bariloche-patagonia-argentina\/\"]}]},{\"@type\":\"ImageObject\",\"inLanguage\":\"es-AR\",\"@id\":\"https:\/\/barilochefishingtrips.com\/en\/travel-info-fly-fishing-bariloche-patagonia-argentina\/#primaryimage\",\"url\":\"https:\/\/barilochefishingtrips.com\/wp-content\/uploads\/2025\/08\/lugares-tur__sticos-de-Buenos-Aires.webp\",\"contentUrl\":\"https:\/\/barilochefishingtrips.com\/wp-content\/uploads\/2025\/08\/lugares-tur__sticos-de-Buenos-Aires.webp\",\"width\":1000,\"height\":667},{\"@type\":\"BreadcrumbList\",\"@id\":\"https:\/\/barilochefishingtrips.com\/en\/travel-info-fly-fishing-bariloche-patagonia-argentina\/#breadcrumb\",\"itemListElement\":[{\"@type\":\"ListItem\",\"position\":1,\"name\":\"Portada\",\"item\":\"https:\/\/barilochefishingtrips.com\/en\/\"},{\"@type\":\"ListItem\",\"position\":2,\"name\":\"Traveler Information\"}]},{\"@type\":\"WebSite\",\"@id\":\"https:\/\/barilochefishingtrips.com\/en\/#website\",\"url\":\"https:\/\/barilochefishingtrips.com\/en\/\",\"name\":\"Bariloche Fishing Trips - Fly Fishing Patagonia\",\"description\":\"Fly Fishing Guides Bariloche Patagonia Argentina. Trout Fishing Trips.\",\"publisher\":{\"@id\":\"https:\/\/barilochefishingtrips.com\/en\/#organization\"},\"alternateName\":\"Fly Fishing Outfitters Bariloche Patagonia Argentina\",\"potentialAction\":[{\"@type\":\"SearchAction\",\"target\":{\"@type\":\"EntryPoint\",\"urlTemplate\":\"https:\/\/barilochefishingtrips.com\/en\/?s={search_term_string}\"},\"query-input\":{\"@type\":\"PropertyValueSpecification\",\"valueRequired\":true,\"valueName\":\"search_term_string\"}}],\"inLanguage\":\"es-AR\"},{\"@type\":\"Organization\",\"@id\":\"https:\/\/barilochefishingtrips.com\/en\/#organization\",\"name\":\"Bariloche Fishing Trips - Fly Fishing Patagonia\",\"alternateName\":\"Fly fishing Guides & Outfitters in Bariloche Patagonia\",\"url\":\"https:\/\/barilochefishingtrips.com\/en\/\",\"logo\":{\"@type\":\"ImageObject\",\"inLanguage\":\"es-AR\",\"@id\":\"https:\/\/barilochefishingtrips.com\/en\/#\/schema\/logo\/image\/\",\"url\":\"https:\/\/barilochefishingtrips.com\/wp-content\/uploads\/2026\/01\/cropped-2065A6A1-7BD5-419D-AA07-1D8F6C334310.png\",\"contentUrl\":\"https:\/\/barilochefishingtrips.com\/wp-content\/uploads\/2026\/01\/cropped-2065A6A1-7BD5-419D-AA07-1D8F6C334310.png\",\"width\":512,\"height\":512,\"caption\":\"Bariloche Fishing Trips - Fly Fishing Patagonia\"},\"image\":{\"@id\":\"https:\/\/barilochefishingtrips.com\/en\/#\/schema\/logo\/image\/\"},\"sameAs\":[\"https:\/\/web.facebook.com\/flyfishingbariloche?_rdc=1&_rdr#\",\"https:\/\/share.google\/UU5Yy9HBgQ0vTEtAp\",\"https:\/\/www.tripadvisor.com.ar\/Attraction_Review-g312848-d4288024-Reviews-Bariloche_Fishing_Trips-San_Carlos_de_Bariloche_Province_of_Rio_Negro_Patagonia.html\",\"https:\/\/www.instagram.com\/flyfishingbariloche\/\",\"https:\/\/x.com\/brcflyfishing?s=11\"]}]}<\/script>\n<!-- \/ Yoast SEO plugin. -->","yoast_head_json":{"title":"Traveler Information | Fly Fishing Bariloche - Fly Fishing Patagonia - guides and lodge","description":"Informaci\u00f3n sobre pesca con mosca e informaci\u00f3n tur\u00edstica. Conozca Buenos Aires y Bariloche. La pesca y los viajes son la misma pasi\u00f3n.","robots":{"index":"index","follow":"follow","max-snippet":"max-snippet:-1","max-image-preview":"max-image-preview:large","max-video-preview":"max-video-preview:-1"},"canonical":"https:\/\/barilochefishingtrips.com\/es\/informacion-de-viaje-pesca-con-mosca-bariloche-patagonia-argentina\/","og_locale":"es_ES","og_type":"article","og_title":"Traveler Information | Fly Fishing Bariloche - Fly Fishing Patagonia - guides and lodge","og_description":"Fly Fishing Information and Travel Information. Meet Buenos Aires and Bariloche. Fishing and Traveling is the same Passion","og_url":"https:\/\/barilochefishingtrips.com\/es\/informacion-de-viaje-pesca-con-mosca-bariloche-patagonia-argentina\/","og_site_name":"Fly Fishing Bariloche - Fly Fishing Patagonia - guides and lodge","article_publisher":"https:\/\/web.facebook.com\/flyfishingbariloche?_rdc=1&_rdr#","article_modified_time":"2025-11-27T14:26:30+00:00","og_image":[{"width":1000,"height":667,"url":"https:\/\/barilochefishingtrips.com\/wp-content\/uploads\/2025\/08\/lugares-tur__sticos-de-Buenos-Aires.webp","type":"image\/webp"}],"twitter_card":"summary_large_image","twitter_misc":{"Tiempo de lectura":"3 minutos"},"schema":{"@context":"https:\/\/schema.org","@graph":[{"@type":"WebPage","@id":"https:\/\/barilochefishingtrips.com\/en\/travel-info-fly-fishing-bariloche-patagonia-argentina\/","url":"https:\/\/barilochefishingtrips.com\/en\/travel-info-fly-fishing-bariloche-patagonia-argentina\/","name":"Traveler Information | Fly Fishing Bariloche - Fly Fishing Patagonia - guides and lodge","isPartOf":{"@id":"https:\/\/barilochefishingtrips.com\/en\/#website"},"primaryImageOfPage":{"@id":"https:\/\/barilochefishingtrips.com\/en\/travel-info-fly-fishing-bariloche-patagonia-argentina\/#primaryimage"},"image":{"@id":"https:\/\/barilochefishingtrips.com\/en\/travel-info-fly-fishing-bariloche-patagonia-argentina\/#primaryimage"},"thumbnailUrl":"https:\/\/barilochefishingtrips.com\/wp-content\/uploads\/2025\/08\/lugares-tur__sticos-de-Buenos-Aires.webp","datePublished":"2025-06-20T17:40:44+00:00","dateModified":"2025-11-27T14:26:30+00:00","description":"Informaci\u00f3n sobre pesca con mosca e informaci\u00f3n tur\u00edstica. Conozca Buenos Aires y Bariloche. La pesca y los viajes son la misma pasi\u00f3n.","breadcrumb":{"@id":"https:\/\/barilochefishingtrips.com\/en\/travel-info-fly-fishing-bariloche-patagonia-argentina\/#breadcrumb"},"inLanguage":"es-AR","potentialAction":[{"@type":"ReadAction","target":["https:\/\/barilochefishingtrips.com\/en\/travel-info-fly-fishing-bariloche-patagonia-argentina\/"]}]},{"@type":"ImageObject","inLanguage":"es-AR","@id":"https:\/\/barilochefishingtrips.com\/en\/travel-info-fly-fishing-bariloche-patagonia-argentina\/#primaryimage","url":"https:\/\/barilochefishingtrips.com\/wp-content\/uploads\/2025\/08\/lugares-tur__sticos-de-Buenos-Aires.webp","contentUrl":"https:\/\/barilochefishingtrips.com\/wp-content\/uploads\/2025\/08\/lugares-tur__sticos-de-Buenos-Aires.webp","width":1000,"height":667},{"@type":"BreadcrumbList","@id":"https:\/\/barilochefishingtrips.com\/en\/travel-info-fly-fishing-bariloche-patagonia-argentina\/#breadcrumb","itemListElement":[{"@type":"ListItem","position":1,"name":"Portada","item":"https:\/\/barilochefishingtrips.com\/en\/"},{"@type":"ListItem","position":2,"name":"Traveler Information"}]},{"@type":"WebSite","@id":"https:\/\/barilochefishingtrips.com\/en\/#website","url":"https:\/\/barilochefishingtrips.com\/en\/","name":"Bariloche Fishing Trips - Fly Fishing Patagonia","description":"Gu\u00edas de pesca con mosca en Bariloche, Patagonia Argentina. Excursiones de pesca de trucha.","publisher":{"@id":"https:\/\/barilochefishingtrips.com\/en\/#organization"},"alternateName":"Fly Fishing Outfitters Bariloche Patagonia Argentina","potentialAction":[{"@type":"SearchAction","target":{"@type":"EntryPoint","urlTemplate":"https:\/\/barilochefishingtrips.com\/en\/?s={search_term_string}"},"query-input":{"@type":"PropertyValueSpecification","valueRequired":true,"valueName":"search_term_string"}}],"inLanguage":"es-AR"},{"@type":"Organization","@id":"https:\/\/barilochefishingtrips.com\/en\/#organization","name":"Bariloche Fishing Trips - Fly Fishing Patagonia","alternateName":"Fly fishing Guides & Outfitters in Bariloche Patagonia","url":"https:\/\/barilochefishingtrips.com\/en\/","logo":{"@type":"ImageObject","inLanguage":"es-AR","@id":"https:\/\/barilochefishingtrips.com\/en\/#\/schema\/logo\/image\/","url":"https:\/\/barilochefishingtrips.com\/wp-content\/uploads\/2026\/01\/cropped-2065A6A1-7BD5-419D-AA07-1D8F6C334310.png","contentUrl":"https:\/\/barilochefishingtrips.com\/wp-content\/uploads\/2026\/01\/cropped-2065A6A1-7BD5-419D-AA07-1D8F6C334310.png","width":512,"height":512,"caption":"Bariloche Fishing Trips - Fly Fishing Patagonia"},"image":{"@id":"https:\/\/barilochefishingtrips.com\/en\/#\/schema\/logo\/image\/"},"sameAs":["https:\/\/web.facebook.com\/flyfishingbariloche?_rdc=1&_rdr#","https:\/\/share.google\/UU5Yy9HBgQ0vTEtAp","https:\/\/www.tripadvisor.com.ar\/Attraction_Review-g312848-d4288024-Reviews-Bariloche_Fishing_Trips-San_Carlos_de_Bariloche_Province_of_Rio_Negro_Patagonia.html","https:\/\/www.instagram.com\/flyfishingbariloche\/","https:\/\/x.com\/brcflyfishing?s=11"]}]}},"_links":{"self":[{"href":"https:\/\/barilochefishingtrips.com\/es\/wp-json\/wp\/v2\/pages\/518","targetHints":{"allow":["GET"]}}],"collection":[{"href":"https:\/\/barilochefishingtrips.com\/es\/wp-json\/wp\/v2\/pages"}],"about":[{"href":"https:\/\/barilochefishingtrips.com\/es\/wp-json\/wp\/v2\/types\/page"}],"author":[{"embeddable":true,"href":"https:\/\/barilochefishingtrips.com\/es\/wp-json\/wp\/v2\/users\/1"}],"replies":[{"embeddable":true,"href":"https:\/\/barilochefishingtrips.com\/es\/wp-json\/wp\/v2\/comments?post=518"}],"version-history":[{"count":13,"href":"https:\/\/barilochefishingtrips.com\/es\/wp-json\/wp\/v2\/pages\/518\/revisions"}],"predecessor-version":[{"id":4403,"href":"https:\/\/barilochefishingtrips.com\/es\/wp-json\/wp\/v2\/pages\/518\/revisions\/4403"}],"wp:featuredmedia":[{"embeddable":true,"href":"https:\/\/barilochefishingtrips.com\/es\/wp-json\/wp\/v2\/media\/1898"}],"wp:attachment":[{"href":"https:\/\/barilochefishingtrips.com\/es\/wp-json\/wp\/v2\/media?parent=518"}],"curies":[{"name":"wp","href":"https:\/\/api.w.org\/{rel}","templated":true}]}}