{"id":2367,"date":"2025-09-11T23:45:23","date_gmt":"2025-09-11T23:45:23","guid":{"rendered":"https:\/\/barilocheprueba.igejulioguzman.com\/?page_id=2367"},"modified":"2025-09-24T02:20:21","modified_gmt":"2025-09-24T02:20:21","slug":"actividades-para-no-pescadores-pesca-con-mosca-bariloche-patagonia-argentina","status":"publish","type":"page","link":"https:\/\/barilochefishingtrips.com\/es\/non-fisherman-activities-fly-fishing-bariloche-patagonia-argentina\/","title":{"rendered":"Actividades para quienes no pescan"},"content":{"rendered":"<p>A lo largo de su historia, Bariloche se ha transformado en el principal destino tur\u00edstico de la Patagonia, recibiendo a viajeros de todo el mundo. La variedad de experiencias aqu\u00ed es realmente infinita, y nuestro objetivo es ayudarte a elegir las perfectas para tu viaje.<\/p>\n\n\n\n<p>Entre las aventuras m\u00e1s populares se encuentran los cruceros en catamar\u00e1n por el lago Nahuel Huapi hasta Puerto Blest o la isla Victoria, el rafting en el salvaje r\u00edo Manso, justo en la frontera con Chile, los paseos a caballo por la estepa patag\u00f3nica, los telef\u00e9ricos panor\u00e1micos hasta el monte Catedral, Campanario y Otto, y los inolvidables viajes hasta la base del imponente monte Tronador.<\/p>\n\n\n\n<p>Pero en Bariloche Fishing Trips tambi\u00e9n queremos compartir con usted algunas de las actividades menos convencionales y fuera de lo com\u00fan. A continuaci\u00f3n, encontrar\u00e1 recomendaciones de expertos que pueden hacer que su estancia sea a\u00fan m\u00e1s especial.<\/p>\n\n\n\n<p><br><\/p>\n\n\n\n<h2 class=\"wp-block-heading\">Estancia La Lonja<\/h2>\n\n\n\n<figure class=\"wp-block-gallery has-nested-images columns-default is-cropped wp-block-gallery-1 is-layout-flex wp-block-gallery-is-layout-flex\">\n<figure class=\"wp-block-image size-large\"><img fetchpriority=\"high\" decoding=\"async\" width=\"500\" height=\"333\" data-id=\"2444\" src=\"https:\/\/www.barilochefishingtrips.com\/wp-content\/uploads\/2025\/09\/AP1GczOJ7YK-KMqHnzvOr03hxWhqeKS_lddu980-IZcLums1B1.webp\" alt=\"\" class=\"wp-image-2444\" srcset=\"https:\/\/barilochefishingtrips.com\/wp-content\/uploads\/2025\/09\/AP1GczOJ7YK-KMqHnzvOr03hxWhqeKS_lddu980-IZcLums1B1.webp 500w, https:\/\/barilochefishingtrips.com\/wp-content\/uploads\/2025\/09\/AP1GczOJ7YK-KMqHnzvOr03hxWhqeKS_lddu980-IZcLums1B1-300x200.webp 300w\" sizes=\"(max-width: 500px) 100vw, 500px\" \/><\/figure>\n\n\n\n<figure class=\"wp-block-image size-large\"><img decoding=\"async\" width=\"500\" height=\"333\" data-id=\"2443\" src=\"https:\/\/www.barilochefishingtrips.com\/wp-content\/uploads\/2025\/09\/AP1GczMhA20lB1TOfDn6uaTHcKwrJdBRQ4E_IcxqsB-FAGpB5M.webp\" alt=\"\" class=\"wp-image-2443\" srcset=\"https:\/\/barilochefishingtrips.com\/wp-content\/uploads\/2025\/09\/AP1GczMhA20lB1TOfDn6uaTHcKwrJdBRQ4E_IcxqsB-FAGpB5M.webp 500w, https:\/\/barilochefishingtrips.com\/wp-content\/uploads\/2025\/09\/AP1GczMhA20lB1TOfDn6uaTHcKwrJdBRQ4E_IcxqsB-FAGpB5M-300x200.webp 300w\" sizes=\"(max-width: 500px) 100vw, 500px\" \/><\/figure>\n\n\n\n<figure class=\"wp-block-image size-large\"><img decoding=\"async\" width=\"450\" height=\"300\" data-id=\"2442\" src=\"https:\/\/www.barilochefishingtrips.com\/wp-content\/uploads\/2025\/09\/AP1GczNR4rZRUKoQKK2DRtbhcD-XeZ04iY5W6okb1rN36QswQ8.webp\" alt=\"\" class=\"wp-image-2442\" srcset=\"https:\/\/barilochefishingtrips.com\/wp-content\/uploads\/2025\/09\/AP1GczNR4rZRUKoQKK2DRtbhcD-XeZ04iY5W6okb1rN36QswQ8.webp 450w, https:\/\/barilochefishingtrips.com\/wp-content\/uploads\/2025\/09\/AP1GczNR4rZRUKoQKK2DRtbhcD-XeZ04iY5W6okb1rN36QswQ8-300x200.webp 300w\" sizes=\"(max-width: 450px) 100vw, 450px\" \/><\/figure>\n<\/figure>\n\n\n\n<p><br>\ud83d\udd25\u00a0<strong>Asado patag\u00f3nico en el coraz\u00f3n de la estepa<\/strong>\u00a0\ud83c\udfd4\ufe0f\u2728<\/p>\n\n\n\n<p>A solo 30 minutos del centro de Bariloche, ad\u00e9ntrate en otro mundo con&nbsp;<strong>Experiencia Patag\u00f3nica<\/strong>.<\/p>\n\n\n\n<p>\ud83c\udfe1 En&nbsp;<em>La Lonja<\/em>, una estancia apartada escondida en medio de la estepa y rodeada de monta\u00f1as, arroyos y ciervos en libertad, sentir\u00e1s lo que significa el verdadero aislamiento.<\/p>\n\n\n\n<p>\ud83e\udd69 \u00bfLo m\u00e1s destacado? Un aut\u00e9ntico&nbsp;<em>Asado patag\u00f3nico<\/em>&nbsp;cocinado all\u00ed mismo, en medio del silencio de la naturaleza. Sin multitudes, sin ruido, solo el crepitar del fuego y la inmensidad de la Patagonia.<\/p>\n\n\n\n<p>\ud83c\udf3f Por el camino, explora cuevas, descubre paisajes remotos y observa guanacos, jabal\u00edes y aves aut\u00f3ctonas.<\/p>\n\n\n\n<p>\u2728 El principal atractivo de esta experiencia \u00fanica:&nbsp;<strong>Silencio absoluto y tranquilidad pura.<\/strong><\/p>\n\n\n\n<p>\ud83d\udcab\u00a0<strong>Experiencia Patag\u00f3nica <\/strong><a href=\"https:\/\/patagonicaexperiencia.com\/\">https:\/\/patagonicaexperiencia.com\/<\/a><strong> \u2014 Saborea la Patagonia, siente su silencio.<\/strong><\/p>\n\n\n\n<p><\/p>","protected":false},"excerpt":{"rendered":"<p>Throughout its history, Bariloche has transformed into the leading tourist destination in Patagonia, welcoming travelers from all over the world. The variety of experiences here is truly endless, and our goal is to help you choose the perfect ones for your trip. Among the most popular adventures are catamaran cruises across Lake Nahuel Huapi to [&hellip;]<\/p>\n","protected":false},"author":2,"featured_media":2360,"parent":0,"menu_order":0,"comment_status":"closed","ping_status":"closed","template":"","meta":{"footnotes":""},"class_list":["post-2367","page","type-page","status-publish","has-post-thumbnail","hentry"],"yoast_head":"<!-- This site is optimized with the Yoast SEO plugin v27.0 - https:\/\/yoast.com\/product\/yoast-seo-wordpress\/ -->\n<title>Non Fisherman Activities | Fly Fishing Bariloche - Fly Fishing Patagonia - guides and lodge<\/title>\n<meta name=\"description\" content=\"Activities for Non Fisherman in Bariloche Patagonia Argentina. Companions, Rafting, Trekking, Horse Rides, Adventures, Gauchos.\" \/>\n<meta name=\"robots\" content=\"index, follow, max-snippet:-1, max-image-preview:large, max-video-preview:-1\" \/>\n<link rel=\"canonical\" href=\"https:\/\/barilochefishingtrips.com\/es\/actividades-para-no-pescadores-pesca-con-mosca-bariloche-patagonia-argentina\/\" \/>\n<meta property=\"og:locale\" content=\"es_ES\" \/>\n<meta property=\"og:type\" content=\"article\" \/>\n<meta property=\"og:title\" content=\"Non Fisherman Activities | Fly Fishing Bariloche - Fly Fishing Patagonia - guides and lodge\" \/>\n<meta property=\"og:description\" content=\"Activities for Non Fisherman in Bariloche Patagonia Argentina. Companions, Rafting, Trekking, Horse Rides, Adventures, Gauchos.\" \/>\n<meta property=\"og:url\" content=\"https:\/\/barilochefishingtrips.com\/es\/actividades-para-no-pescadores-pesca-con-mosca-bariloche-patagonia-argentina\/\" \/>\n<meta property=\"og:site_name\" content=\"Fly Fishing Bariloche - Fly Fishing Patagonia - guides and lodge\" \/>\n<meta property=\"article:publisher\" content=\"https:\/\/web.facebook.com\/flyfishingbariloche?_rdc=1&amp;_rdr#\" \/>\n<meta property=\"article:modified_time\" content=\"2025-09-24T02:20:21+00:00\" \/>\n<meta property=\"og:image\" content=\"https:\/\/barilochefishingtrips.com\/wp-content\/uploads\/2025\/09\/AP1GczMOhP-ZcZfL0qbbYGPPlvlz4eQRhElVhj9hIOVOrI36Ij.webp\" \/>\n\t<meta property=\"og:image:width\" content=\"1400\" \/>\n\t<meta property=\"og:image:height\" content=\"560\" \/>\n\t<meta property=\"og:image:type\" content=\"image\/webp\" \/>\n<meta name=\"twitter:card\" content=\"summary_large_image\" \/>\n<meta name=\"twitter:label1\" content=\"Tiempo de lectura\" \/>\n\t<meta name=\"twitter:data1\" content=\"2 minutos\" \/>\n<script type=\"application\/ld+json\" class=\"yoast-schema-graph\">{\"@context\":\"https:\/\/schema.org\",\"@graph\":[{\"@type\":\"WebPage\",\"@id\":\"https:\/\/barilochefishingtrips.com\/en\/non-fisherman-activities-fly-fishing-bariloche-patagonia-argentina\/\",\"url\":\"https:\/\/barilochefishingtrips.com\/en\/non-fisherman-activities-fly-fishing-bariloche-patagonia-argentina\/\",\"name\":\"Non Fisherman Activities | Fly Fishing Bariloche - Fly Fishing Patagonia - guides and lodge\",\"isPartOf\":{\"@id\":\"https:\/\/barilochefishingtrips.com\/en\/#website\"},\"primaryImageOfPage\":{\"@id\":\"https:\/\/barilochefishingtrips.com\/en\/non-fisherman-activities-fly-fishing-bariloche-patagonia-argentina\/#primaryimage\"},\"image\":{\"@id\":\"https:\/\/barilochefishingtrips.com\/en\/non-fisherman-activities-fly-fishing-bariloche-patagonia-argentina\/#primaryimage\"},\"thumbnailUrl\":\"https:\/\/barilochefishingtrips.com\/wp-content\/uploads\/2025\/09\/AP1GczMOhP-ZcZfL0qbbYGPPlvlz4eQRhElVhj9hIOVOrI36Ij.webp\",\"datePublished\":\"2025-09-11T23:45:23+00:00\",\"dateModified\":\"2025-09-24T02:20:21+00:00\",\"description\":\"Activities for Non Fisherman in Bariloche Patagonia Argentina. Companions, Rafting, Trekking, Horse Rides, Adventures, Gauchos.\",\"breadcrumb\":{\"@id\":\"https:\/\/barilochefishingtrips.com\/en\/non-fisherman-activities-fly-fishing-bariloche-patagonia-argentina\/#breadcrumb\"},\"inLanguage\":\"es-AR\",\"potentialAction\":[{\"@type\":\"ReadAction\",\"target\":[\"https:\/\/barilochefishingtrips.com\/en\/non-fisherman-activities-fly-fishing-bariloche-patagonia-argentina\/\"]}]},{\"@type\":\"ImageObject\",\"inLanguage\":\"es-AR\",\"@id\":\"https:\/\/barilochefishingtrips.com\/en\/non-fisherman-activities-fly-fishing-bariloche-patagonia-argentina\/#primaryimage\",\"url\":\"https:\/\/barilochefishingtrips.com\/wp-content\/uploads\/2025\/09\/AP1GczMOhP-ZcZfL0qbbYGPPlvlz4eQRhElVhj9hIOVOrI36Ij.webp\",\"contentUrl\":\"https:\/\/barilochefishingtrips.com\/wp-content\/uploads\/2025\/09\/AP1GczMOhP-ZcZfL0qbbYGPPlvlz4eQRhElVhj9hIOVOrI36Ij.webp\",\"width\":1400,\"height\":560},{\"@type\":\"BreadcrumbList\",\"@id\":\"https:\/\/barilochefishingtrips.com\/en\/non-fisherman-activities-fly-fishing-bariloche-patagonia-argentina\/#breadcrumb\",\"itemListElement\":[{\"@type\":\"ListItem\",\"position\":1,\"name\":\"Portada\",\"item\":\"https:\/\/barilochefishingtrips.com\/en\/\"},{\"@type\":\"ListItem\",\"position\":2,\"name\":\"Non Fisherman Activities\"}]},{\"@type\":\"WebSite\",\"@id\":\"https:\/\/barilochefishingtrips.com\/en\/#website\",\"url\":\"https:\/\/barilochefishingtrips.com\/en\/\",\"name\":\"Bariloche Fishing Trips - Fly Fishing Patagonia\",\"description\":\"Fly Fishing Guides Bariloche Patagonia Argentina. Trout Fishing Trips.\",\"publisher\":{\"@id\":\"https:\/\/barilochefishingtrips.com\/en\/#organization\"},\"alternateName\":\"Fly Fishing Outfitters Bariloche Patagonia Argentina\",\"potentialAction\":[{\"@type\":\"SearchAction\",\"target\":{\"@type\":\"EntryPoint\",\"urlTemplate\":\"https:\/\/barilochefishingtrips.com\/en\/?s={search_term_string}\"},\"query-input\":{\"@type\":\"PropertyValueSpecification\",\"valueRequired\":true,\"valueName\":\"search_term_string\"}}],\"inLanguage\":\"es-AR\"},{\"@type\":\"Organization\",\"@id\":\"https:\/\/barilochefishingtrips.com\/en\/#organization\",\"name\":\"Bariloche Fishing Trips - Fly Fishing Patagonia\",\"alternateName\":\"Fly fishing Guides & Outfitters in Bariloche Patagonia\",\"url\":\"https:\/\/barilochefishingtrips.com\/en\/\",\"logo\":{\"@type\":\"ImageObject\",\"inLanguage\":\"es-AR\",\"@id\":\"https:\/\/barilochefishingtrips.com\/en\/#\/schema\/logo\/image\/\",\"url\":\"https:\/\/barilochefishingtrips.com\/wp-content\/uploads\/2026\/01\/cropped-2065A6A1-7BD5-419D-AA07-1D8F6C334310.png\",\"contentUrl\":\"https:\/\/barilochefishingtrips.com\/wp-content\/uploads\/2026\/01\/cropped-2065A6A1-7BD5-419D-AA07-1D8F6C334310.png\",\"width\":512,\"height\":512,\"caption\":\"Bariloche Fishing Trips - Fly Fishing Patagonia\"},\"image\":{\"@id\":\"https:\/\/barilochefishingtrips.com\/en\/#\/schema\/logo\/image\/\"},\"sameAs\":[\"https:\/\/web.facebook.com\/flyfishingbariloche?_rdc=1&_rdr#\",\"https:\/\/share.google\/UU5Yy9HBgQ0vTEtAp\",\"https:\/\/www.tripadvisor.com.ar\/Attraction_Review-g312848-d4288024-Reviews-Bariloche_Fishing_Trips-San_Carlos_de_Bariloche_Province_of_Rio_Negro_Patagonia.html\",\"https:\/\/www.instagram.com\/flyfishingbariloche\/\",\"https:\/\/x.com\/brcflyfishing?s=11\"]}]}<\/script>\n<!-- \/ Yoast SEO plugin. -->","yoast_head_json":{"title":"Non Fisherman Activities | Fly Fishing Bariloche - Fly Fishing Patagonia - guides and lodge","description":"Actividades para quienes no pescan en Bariloche, Patagonia Argentina. Acompa\u00f1antes, rafting, trekking, cabalgatas, aventuras, gauchos.","robots":{"index":"index","follow":"follow","max-snippet":"max-snippet:-1","max-image-preview":"max-image-preview:large","max-video-preview":"max-video-preview:-1"},"canonical":"https:\/\/barilochefishingtrips.com\/es\/actividades-para-no-pescadores-pesca-con-mosca-bariloche-patagonia-argentina\/","og_locale":"es_ES","og_type":"article","og_title":"Non Fisherman Activities | Fly Fishing Bariloche - Fly Fishing Patagonia - guides and lodge","og_description":"Activities for Non Fisherman in Bariloche Patagonia Argentina. Companions, Rafting, Trekking, Horse Rides, Adventures, Gauchos.","og_url":"https:\/\/barilochefishingtrips.com\/es\/actividades-para-no-pescadores-pesca-con-mosca-bariloche-patagonia-argentina\/","og_site_name":"Fly Fishing Bariloche - Fly Fishing Patagonia - guides and lodge","article_publisher":"https:\/\/web.facebook.com\/flyfishingbariloche?_rdc=1&_rdr#","article_modified_time":"2025-09-24T02:20:21+00:00","og_image":[{"width":1400,"height":560,"url":"https:\/\/barilochefishingtrips.com\/wp-content\/uploads\/2025\/09\/AP1GczMOhP-ZcZfL0qbbYGPPlvlz4eQRhElVhj9hIOVOrI36Ij.webp","type":"image\/webp"}],"twitter_card":"summary_large_image","twitter_misc":{"Tiempo de lectura":"2 minutos"},"schema":{"@context":"https:\/\/schema.org","@graph":[{"@type":"WebPage","@id":"https:\/\/barilochefishingtrips.com\/en\/non-fisherman-activities-fly-fishing-bariloche-patagonia-argentina\/","url":"https:\/\/barilochefishingtrips.com\/en\/non-fisherman-activities-fly-fishing-bariloche-patagonia-argentina\/","name":"Non Fisherman Activities | Fly Fishing Bariloche - Fly Fishing Patagonia - guides and lodge","isPartOf":{"@id":"https:\/\/barilochefishingtrips.com\/en\/#website"},"primaryImageOfPage":{"@id":"https:\/\/barilochefishingtrips.com\/en\/non-fisherman-activities-fly-fishing-bariloche-patagonia-argentina\/#primaryimage"},"image":{"@id":"https:\/\/barilochefishingtrips.com\/en\/non-fisherman-activities-fly-fishing-bariloche-patagonia-argentina\/#primaryimage"},"thumbnailUrl":"https:\/\/barilochefishingtrips.com\/wp-content\/uploads\/2025\/09\/AP1GczMOhP-ZcZfL0qbbYGPPlvlz4eQRhElVhj9hIOVOrI36Ij.webp","datePublished":"2025-09-11T23:45:23+00:00","dateModified":"2025-09-24T02:20:21+00:00","description":"Actividades para quienes no pescan en Bariloche, Patagonia Argentina. Acompa\u00f1antes, rafting, trekking, cabalgatas, aventuras, gauchos.","breadcrumb":{"@id":"https:\/\/barilochefishingtrips.com\/en\/non-fisherman-activities-fly-fishing-bariloche-patagonia-argentina\/#breadcrumb"},"inLanguage":"es-AR","potentialAction":[{"@type":"ReadAction","target":["https:\/\/barilochefishingtrips.com\/en\/non-fisherman-activities-fly-fishing-bariloche-patagonia-argentina\/"]}]},{"@type":"ImageObject","inLanguage":"es-AR","@id":"https:\/\/barilochefishingtrips.com\/en\/non-fisherman-activities-fly-fishing-bariloche-patagonia-argentina\/#primaryimage","url":"https:\/\/barilochefishingtrips.com\/wp-content\/uploads\/2025\/09\/AP1GczMOhP-ZcZfL0qbbYGPPlvlz4eQRhElVhj9hIOVOrI36Ij.webp","contentUrl":"https:\/\/barilochefishingtrips.com\/wp-content\/uploads\/2025\/09\/AP1GczMOhP-ZcZfL0qbbYGPPlvlz4eQRhElVhj9hIOVOrI36Ij.webp","width":1400,"height":560},{"@type":"BreadcrumbList","@id":"https:\/\/barilochefishingtrips.com\/en\/non-fisherman-activities-fly-fishing-bariloche-patagonia-argentina\/#breadcrumb","itemListElement":[{"@type":"ListItem","position":1,"name":"Portada","item":"https:\/\/barilochefishingtrips.com\/en\/"},{"@type":"ListItem","position":2,"name":"Non Fisherman Activities"}]},{"@type":"WebSite","@id":"https:\/\/barilochefishingtrips.com\/en\/#website","url":"https:\/\/barilochefishingtrips.com\/en\/","name":"Bariloche Fishing Trips - Fly Fishing Patagonia","description":"Gu\u00edas de pesca con mosca en Bariloche, Patagonia Argentina. Excursiones de pesca de trucha.","publisher":{"@id":"https:\/\/barilochefishingtrips.com\/en\/#organization"},"alternateName":"Fly Fishing Outfitters Bariloche Patagonia Argentina","potentialAction":[{"@type":"SearchAction","target":{"@type":"EntryPoint","urlTemplate":"https:\/\/barilochefishingtrips.com\/en\/?s={search_term_string}"},"query-input":{"@type":"PropertyValueSpecification","valueRequired":true,"valueName":"search_term_string"}}],"inLanguage":"es-AR"},{"@type":"Organization","@id":"https:\/\/barilochefishingtrips.com\/en\/#organization","name":"Bariloche Fishing Trips - Fly Fishing Patagonia","alternateName":"Fly fishing Guides & Outfitters in Bariloche Patagonia","url":"https:\/\/barilochefishingtrips.com\/en\/","logo":{"@type":"ImageObject","inLanguage":"es-AR","@id":"https:\/\/barilochefishingtrips.com\/en\/#\/schema\/logo\/image\/","url":"https:\/\/barilochefishingtrips.com\/wp-content\/uploads\/2026\/01\/cropped-2065A6A1-7BD5-419D-AA07-1D8F6C334310.png","contentUrl":"https:\/\/barilochefishingtrips.com\/wp-content\/uploads\/2026\/01\/cropped-2065A6A1-7BD5-419D-AA07-1D8F6C334310.png","width":512,"height":512,"caption":"Bariloche Fishing Trips - Fly Fishing Patagonia"},"image":{"@id":"https:\/\/barilochefishingtrips.com\/en\/#\/schema\/logo\/image\/"},"sameAs":["https:\/\/web.facebook.com\/flyfishingbariloche?_rdc=1&_rdr#","https:\/\/share.google\/UU5Yy9HBgQ0vTEtAp","https:\/\/www.tripadvisor.com.ar\/Attraction_Review-g312848-d4288024-Reviews-Bariloche_Fishing_Trips-San_Carlos_de_Bariloche_Province_of_Rio_Negro_Patagonia.html","https:\/\/www.instagram.com\/flyfishingbariloche\/","https:\/\/x.com\/brcflyfishing?s=11"]}]}},"_links":{"self":[{"href":"https:\/\/barilochefishingtrips.com\/es\/wp-json\/wp\/v2\/pages\/2367","targetHints":{"allow":["GET"]}}],"collection":[{"href":"https:\/\/barilochefishingtrips.com\/es\/wp-json\/wp\/v2\/pages"}],"about":[{"href":"https:\/\/barilochefishingtrips.com\/es\/wp-json\/wp\/v2\/types\/page"}],"author":[{"embeddable":true,"href":"https:\/\/barilochefishingtrips.com\/es\/wp-json\/wp\/v2\/users\/2"}],"replies":[{"embeddable":true,"href":"https:\/\/barilochefishingtrips.com\/es\/wp-json\/wp\/v2\/comments?post=2367"}],"version-history":[{"count":5,"href":"https:\/\/barilochefishingtrips.com\/es\/wp-json\/wp\/v2\/pages\/2367\/revisions"}],"predecessor-version":[{"id":2447,"href":"https:\/\/barilochefishingtrips.com\/es\/wp-json\/wp\/v2\/pages\/2367\/revisions\/2447"}],"wp:featuredmedia":[{"embeddable":true,"href":"https:\/\/barilochefishingtrips.com\/es\/wp-json\/wp\/v2\/media\/2360"}],"wp:attachment":[{"href":"https:\/\/barilochefishingtrips.com\/es\/wp-json\/wp\/v2\/media?parent=2367"}],"curies":[{"name":"wp","href":"https:\/\/api.w.org\/{rel}","templated":true}]}}